{"id":3805,"date":"2026-01-30T09:34:11","date_gmt":"2026-01-30T17:34:11","guid":{"rendered":"https:\/\/todayna.org\/todaynawp\/?page_id=3805"},"modified":"2026-01-30T09:34:45","modified_gmt":"2026-01-30T17:34:45","slug":"solo-por-hoy","status":"publish","type":"page","link":"https:\/\/todayna.org\/todaynawp\/espanol\/solo-por-hoy\/","title":{"rendered":"Solo Por Hoy"},"content":{"rendered":"\n<div id=\"meditation-table-container\" class=\"meditation-rendered-element\">\n<table align=\"center\">\n<tr><td align=\"left\"><h2>8 de abril<\/h2><\/td><\/tr>\n<tr><td align=\"center\"><h1>Felicidad<\/h1><\/td><\/tr>\n<tr><td align=\"left\"><i>\u00abLlegamos a conocer la felicidad, la alegr\u00eday la libertad.\u00bb<\/i><br><br><\/td><\/tr>\n<tr><td align=\"center\">Texto B\u00e1sico, p. 104<\/td><\/tr>\n<tr><td align=\"left\">Si alguien te para hoy por la calle y te pregunta si eres feliz, \u00bfqu\u00e9 le dir\u00edas? \u00abPues, a ver... Tengo un lugar donde vivir, comida en la nevera, un empleo, el coche funciona... Bueno, s\u00ed, creo que soy feliz.\u00bb Estos son ejemplos externos de cosas que muchos hemos asociado tradicionalmente con la felicidad. Sin embargo, a menudo olvidamos que la felicidad es una opci\u00f3n; nadie puede hacernos feliz.Felicidad es lo que encontramos en nuestro compromiso con Narc\u00f3ticos An\u00f3nimos. La felicidad que deriva de una vida cen\u00adtrada en el servicio al adicto que todav\u00eda sufre es verdaderamente maravillosa. Cuando ponemos el servicio a los dem\u00e1s por encima de nuestros propios deseos, descubrimos que dejamos de cen\u00adtrarnos en nosotros mismos. Como consecuencia, tenemos una vida m\u00e1s satisfactoria y arm\u00f3nica. Al servir a otros, vemos nuestras necesidades m\u00e1s que satisfechas.<br><br>\u00bfQu\u00e9 es en realidad la felicidad? Podemos concebirla en t\u00e9r\u00adminos de alegr\u00eda y satisfacci\u00f3n. Ambos son estados de \u00e1nimo que aparentemente llegan cuanto menos los buscamos. Cuando vivimos s\u00f3lo por hoy y llevamos el mensaje al adicto que todav\u00eda sufre, nos encontramos con la alegr\u00eda, la satisfacci\u00f3n y una vida profundamente significativa.<br><br>\n<\/td><\/tr>\n<tr><td align=\"left\">S\u00f3lo por hoy: Voy a ser feliz. Encontrar\u00e9 mi felicidad mediante el servicio a los dem\u00e1s.<br><br><\/td><\/tr>\n<tr><td align=\"left\">Servicio del Foro Zonal Latinoamericano, Copyright 2017 NA World Services, Inc. Todos los Derechos Reservados.<\/td><\/tr>\n<\/table>\n<\/div>\n\n","protected":false},"excerpt":{"rendered":" <a class=\"more-link\" href=\"https:\/\/todayna.org\/todaynawp\/espanol\/solo-por-hoy\/\"><span class=\"more-msg\">Continue reading &rarr;<\/span><\/a>","protected":false},"author":2,"featured_media":0,"parent":9,"menu_order":0,"comment_status":"closed","ping_status":"closed","template":"","meta":{"_mc_calendar":[],"footnotes":""},"class_list":["post-3805","page","type-page","status-publish","hentry"],"yoast_head":"<!-- This site is optimized with the Yoast SEO plugin v27.3 - https:\/\/yoast.com\/product\/yoast-seo-wordpress\/ -->\n<title>Solo Por Hoy - Southern California Region of Narcotics Anonymous<\/title>\n<meta name=\"robots\" content=\"index, follow, max-snippet:-1, max-image-preview:large, max-video-preview:-1\" \/>\n<link rel=\"canonical\" href=\"https:\/\/todayna.org\/todaynawp\/espanol\/solo-por-hoy\/\" \/>\n<meta property=\"og:locale\" content=\"en_US\" \/>\n<meta property=\"og:type\" content=\"article\" \/>\n<meta property=\"og:title\" content=\"Solo Por Hoy - Southern California Region of Narcotics Anonymous\" \/>\n<meta property=\"og:url\" content=\"https:\/\/todayna.org\/todaynawp\/espanol\/solo-por-hoy\/\" \/>\n<meta property=\"og:site_name\" content=\"Southern California Region of Narcotics Anonymous\" \/>\n<meta property=\"article:modified_time\" content=\"2026-01-30T17:34:45+00:00\" \/>\n<meta name=\"twitter:card\" content=\"summary_large_image\" \/>\n<meta name=\"twitter:label1\" content=\"Est. reading time\" \/>\n\t<meta name=\"twitter:data1\" content=\"1 minute\" \/>\n<script type=\"application\/ld+json\" class=\"yoast-schema-graph\">{\"@context\":\"https:\\\/\\\/schema.org\",\"@graph\":[{\"@type\":\"WebPage\",\"@id\":\"https:\\\/\\\/todayna.org\\\/todaynawp\\\/espanol\\\/solo-por-hoy\\\/\",\"url\":\"https:\\\/\\\/todayna.org\\\/todaynawp\\\/espanol\\\/solo-por-hoy\\\/\",\"name\":\"Solo Por Hoy - Southern California Region of Narcotics Anonymous\",\"isPartOf\":{\"@id\":\"https:\\\/\\\/todayna.org\\\/todaynawp\\\/#website\"},\"datePublished\":\"2026-01-30T17:34:11+00:00\",\"dateModified\":\"2026-01-30T17:34:45+00:00\",\"breadcrumb\":{\"@id\":\"https:\\\/\\\/todayna.org\\\/todaynawp\\\/espanol\\\/solo-por-hoy\\\/#breadcrumb\"},\"inLanguage\":\"en-US\",\"potentialAction\":[{\"@type\":\"ReadAction\",\"target\":[\"https:\\\/\\\/todayna.org\\\/todaynawp\\\/espanol\\\/solo-por-hoy\\\/\"]}]},{\"@type\":\"BreadcrumbList\",\"@id\":\"https:\\\/\\\/todayna.org\\\/todaynawp\\\/espanol\\\/solo-por-hoy\\\/#breadcrumb\",\"itemListElement\":[{\"@type\":\"ListItem\",\"position\":1,\"name\":\"Home\",\"item\":\"https:\\\/\\\/todayna.org\\\/todaynawp\\\/\"},{\"@type\":\"ListItem\",\"position\":2,\"name\":\"Bienvenido\",\"item\":\"https:\\\/\\\/todayna.org\\\/todaynawp\\\/espanol\\\/\"},{\"@type\":\"ListItem\",\"position\":3,\"name\":\"Solo Por Hoy\"}]},{\"@type\":\"WebSite\",\"@id\":\"https:\\\/\\\/todayna.org\\\/todaynawp\\\/#website\",\"url\":\"https:\\\/\\\/todayna.org\\\/todaynawp\\\/\",\"name\":\"Southern California Region of Narcotics Anonymous\",\"description\":\"\",\"potentialAction\":[{\"@type\":\"SearchAction\",\"target\":{\"@type\":\"EntryPoint\",\"urlTemplate\":\"https:\\\/\\\/todayna.org\\\/todaynawp\\\/?s={search_term_string}\"},\"query-input\":{\"@type\":\"PropertyValueSpecification\",\"valueRequired\":true,\"valueName\":\"search_term_string\"}}],\"inLanguage\":\"en-US\"}]}<\/script>\n<!-- \/ Yoast SEO plugin. -->","yoast_head_json":{"title":"Solo Por Hoy - Southern California Region of Narcotics Anonymous","robots":{"index":"index","follow":"follow","max-snippet":"max-snippet:-1","max-image-preview":"max-image-preview:large","max-video-preview":"max-video-preview:-1"},"canonical":"https:\/\/todayna.org\/todaynawp\/espanol\/solo-por-hoy\/","og_locale":"en_US","og_type":"article","og_title":"Solo Por Hoy - Southern California Region of Narcotics Anonymous","og_url":"https:\/\/todayna.org\/todaynawp\/espanol\/solo-por-hoy\/","og_site_name":"Southern California Region of Narcotics Anonymous","article_modified_time":"2026-01-30T17:34:45+00:00","twitter_card":"summary_large_image","twitter_misc":{"Est. reading time":"1 minute"},"schema":{"@context":"https:\/\/schema.org","@graph":[{"@type":"WebPage","@id":"https:\/\/todayna.org\/todaynawp\/espanol\/solo-por-hoy\/","url":"https:\/\/todayna.org\/todaynawp\/espanol\/solo-por-hoy\/","name":"Solo Por Hoy - Southern California Region of Narcotics Anonymous","isPartOf":{"@id":"https:\/\/todayna.org\/todaynawp\/#website"},"datePublished":"2026-01-30T17:34:11+00:00","dateModified":"2026-01-30T17:34:45+00:00","breadcrumb":{"@id":"https:\/\/todayna.org\/todaynawp\/espanol\/solo-por-hoy\/#breadcrumb"},"inLanguage":"en-US","potentialAction":[{"@type":"ReadAction","target":["https:\/\/todayna.org\/todaynawp\/espanol\/solo-por-hoy\/"]}]},{"@type":"BreadcrumbList","@id":"https:\/\/todayna.org\/todaynawp\/espanol\/solo-por-hoy\/#breadcrumb","itemListElement":[{"@type":"ListItem","position":1,"name":"Home","item":"https:\/\/todayna.org\/todaynawp\/"},{"@type":"ListItem","position":2,"name":"Bienvenido","item":"https:\/\/todayna.org\/todaynawp\/espanol\/"},{"@type":"ListItem","position":3,"name":"Solo Por Hoy"}]},{"@type":"WebSite","@id":"https:\/\/todayna.org\/todaynawp\/#website","url":"https:\/\/todayna.org\/todaynawp\/","name":"Southern California Region of Narcotics Anonymous","description":"","potentialAction":[{"@type":"SearchAction","target":{"@type":"EntryPoint","urlTemplate":"https:\/\/todayna.org\/todaynawp\/?s={search_term_string}"},"query-input":{"@type":"PropertyValueSpecification","valueRequired":true,"valueName":"search_term_string"}}],"inLanguage":"en-US"}]}},"_links":{"self":[{"href":"https:\/\/todayna.org\/todaynawp\/wp-json\/wp\/v2\/pages\/3805","targetHints":{"allow":["GET"]}}],"collection":[{"href":"https:\/\/todayna.org\/todaynawp\/wp-json\/wp\/v2\/pages"}],"about":[{"href":"https:\/\/todayna.org\/todaynawp\/wp-json\/wp\/v2\/types\/page"}],"author":[{"embeddable":true,"href":"https:\/\/todayna.org\/todaynawp\/wp-json\/wp\/v2\/users\/2"}],"replies":[{"embeddable":true,"href":"https:\/\/todayna.org\/todaynawp\/wp-json\/wp\/v2\/comments?post=3805"}],"version-history":[{"count":1,"href":"https:\/\/todayna.org\/todaynawp\/wp-json\/wp\/v2\/pages\/3805\/revisions"}],"predecessor-version":[{"id":3806,"href":"https:\/\/todayna.org\/todaynawp\/wp-json\/wp\/v2\/pages\/3805\/revisions\/3806"}],"up":[{"embeddable":true,"href":"https:\/\/todayna.org\/todaynawp\/wp-json\/wp\/v2\/pages\/9"}],"wp:attachment":[{"href":"https:\/\/todayna.org\/todaynawp\/wp-json\/wp\/v2\/media?parent=3805"}],"curies":[{"name":"wp","href":"https:\/\/api.w.org\/{rel}","templated":true}]}}